{"id":4643,"date":"2025-10-06T15:27:29","date_gmt":"2025-10-06T13:27:29","guid":{"rendered":"https:\/\/www.hotel-birkenhof-am-park.de\/our-vision\/"},"modified":"2025-11-26T22:34:59","modified_gmt":"2025-11-26T21:34:59","slug":"our-vision","status":"publish","type":"page","link":"https:\/\/www.hotel-birkenhof-am-park.de\/en\/hotel-destination\/about-us\/our-vision\/","title":{"rendered":"Our vision"},"content":{"rendered":"\t\t<div data-elementor-type=\"wp-page\" data-elementor-id=\"4643\" class=\"elementor elementor-4643 elementor-2536\" data-elementor-post-type=\"page\">\n\t\t\t\t<div class=\"elementor-element elementor-element-fae11ab e-con-full e-flex e-con e-parent\" data-id=\"fae11ab\" data-element_type=\"container\" data-e-type=\"container\" data-settings=\"{&quot;background_background&quot;:&quot;classic&quot;}\">\n\t\t\t\t<\/div>\n\t\t<div class=\"elementor-element elementor-element-751e999 e-flex e-con-boxed e-con e-parent\" data-id=\"751e999\" data-element_type=\"container\" data-e-type=\"container\">\n\t\t\t\t\t<div class=\"e-con-inner\">\n\t\t\t\t<div class=\"elementor-element elementor-element-8dce1de elementor-widget elementor-widget-heading\" data-id=\"8dce1de\" data-element_type=\"widget\" data-e-type=\"widget\" data-widget_type=\"heading.default\">\n\t\t\t\t<div class=\"elementor-widget-container\">\n\t\t\t\t\t<h1 class=\"elementor-heading-title elementor-size-default\">Regionality, responsibility &amp; family - what the Birkenhof stands for<\/h1>\t\t\t\t<\/div>\n\t\t\t\t<\/div>\n\t\t\t\t<div class=\"elementor-element elementor-element-49110d6 elementor-widget elementor-widget-heading\" data-id=\"49110d6\" data-element_type=\"widget\" data-e-type=\"widget\" data-widget_type=\"heading.default\">\n\t\t\t\t<div class=\"elementor-widget-container\">\n\t\t\t\t\t<h2 class=\"elementor-heading-title elementor-size-default\">Values that remain<\/h2>\t\t\t\t<\/div>\n\t\t\t\t<\/div>\n\t\t\t\t<div class=\"elementor-element elementor-element-5d193f3 elementor-widget elementor-widget-text-editor\" data-id=\"5d193f3\" data-element_type=\"widget\" data-e-type=\"widget\" data-widget_type=\"text-editor.default\">\n\t\t\t\t<div class=\"elementor-widget-container\">\n\t\t\t\t\t\t\t\t\t<p data-start=\"624\" data-end=\"1010\">It is the many small decisions that make the Birkenhof what it is today: a place with character, history and heart. As a third-generation family business, we are firmly rooted in our region. What once grew out of a spa home has developed step by step into a modern hotel &#8211; without losing its roots.  <\/p><p data-start=\"1012\" data-end=\"1273\">We believe that hospitality is more than just good service. It is created where people work together with passion, where people act with respect for nature and resources and where quality is not a promise, but a lived reality. <\/p><p data-start=\"1275\" data-end=\"1529\">Each generation of our family has shaped the Birkenhof in its own way. What unites us is a common goal: to run a hotel that is honest, regional, responsible and open to new ideas &#8211; for our guests, our team and our region. <\/p>\t\t\t\t\t\t\t\t<\/div>\n\t\t\t\t<\/div>\n\t\t\t\t\t<\/div>\n\t\t\t\t<\/div>\n\t\t<div class=\"elementor-element elementor-element-f8cdfca e-flex e-con-boxed elementor-invisible e-con e-parent\" data-id=\"f8cdfca\" data-element_type=\"container\" data-e-type=\"container\" data-settings=\"{&quot;background_background&quot;:&quot;classic&quot;,&quot;animation&quot;:&quot;fadeInUp&quot;}\">\n\t\t\t\t\t<div class=\"e-con-inner\">\n\t\t<div class=\"elementor-element elementor-element-56fbc7f e-con-full e-flex e-con e-child\" data-id=\"56fbc7f\" data-element_type=\"container\" data-e-type=\"container\" data-settings=\"{&quot;background_background&quot;:&quot;classic&quot;}\">\n\t\t\t\t<div class=\"elementor-element elementor-element-0787195 elementor-widget elementor-widget-heading\" data-id=\"0787195\" data-element_type=\"widget\" data-e-type=\"widget\" data-widget_type=\"heading.default\">\n\t\t\t\t<div class=\"elementor-widget-container\">\n\t\t\t\t\t<h2 class=\"elementor-heading-title elementor-size-default\">Our focus - living responsibility, shaping the future<\/h2>\t\t\t\t<\/div>\n\t\t\t\t<\/div>\n\t\t<div class=\"elementor-element elementor-element-94ce972 e-grid e-con-full e-con e-child\" data-id=\"94ce972\" data-element_type=\"container\" data-e-type=\"container\">\n\t\t<div class=\"elementor-element elementor-element-00112b7 e-con-full e-flex e-con e-child\" data-id=\"00112b7\" data-element_type=\"container\" data-e-type=\"container\">\n\t\t\t\t<div class=\"elementor-element elementor-element-91b4e16 elementor-widget elementor-widget-image\" data-id=\"91b4e16\" data-element_type=\"widget\" data-e-type=\"widget\" data-widget_type=\"image.default\">\n\t\t\t\t<div class=\"elementor-widget-container\">\n\t\t\t\t\t\t\t\t\t\t\t\t\t\t\t<img fetchpriority=\"high\" decoding=\"async\" width=\"500\" height=\"330\" src=\"https:\/\/www.hotel-birkenhof-am-park.de\/wp-content\/uploads\/2025\/05\/birkenhof-wald-icon.png\" class=\"attachment-large size-large wp-image-4649\" alt=\"\" srcset=\"https:\/\/www.hotel-birkenhof-am-park.de\/wp-content\/uploads\/2025\/05\/birkenhof-wald-icon.png 500w, https:\/\/www.hotel-birkenhof-am-park.de\/wp-content\/uploads\/2025\/05\/birkenhof-wald-icon-300x198.png 300w\" sizes=\"(max-width: 500px) 100vw, 500px\" \/>\t\t\t\t\t\t\t\t\t\t\t\t\t\t\t<\/div>\n\t\t\t\t<\/div>\n\t\t\t\t<div class=\"elementor-element elementor-element-a1e61d5 elementor-widget elementor-widget-heading\" data-id=\"a1e61d5\" data-element_type=\"widget\" data-e-type=\"widget\" data-widget_type=\"heading.default\">\n\t\t\t\t<div class=\"elementor-widget-container\">\n\t\t\t\t\t<h2 class=\"elementor-heading-title elementor-size-default\">Values &amp; portfolio<\/h2>\t\t\t\t<\/div>\n\t\t\t\t<\/div>\n\t\t\t\t<\/div>\n\t\t<div class=\"elementor-element elementor-element-e0c2234 e-con-full e-flex e-con e-child\" data-id=\"e0c2234\" data-element_type=\"container\" data-e-type=\"container\">\n\t\t\t\t<div class=\"elementor-element elementor-element-941df1c elementor-widget elementor-widget-image\" data-id=\"941df1c\" data-element_type=\"widget\" data-e-type=\"widget\" data-widget_type=\"image.default\">\n\t\t\t\t<div class=\"elementor-widget-container\">\n\t\t\t\t\t\t\t\t\t\t\t\t\t\t\t<img decoding=\"async\" width=\"500\" height=\"330\" src=\"https:\/\/www.hotel-birkenhof-am-park.de\/wp-content\/uploads\/2025\/10\/birkenhof-icon-ladesaule.png\" class=\"attachment-large size-large wp-image-4650\" alt=\"\" srcset=\"https:\/\/www.hotel-birkenhof-am-park.de\/wp-content\/uploads\/2025\/10\/birkenhof-icon-ladesaule.png 500w, https:\/\/www.hotel-birkenhof-am-park.de\/wp-content\/uploads\/2025\/10\/birkenhof-icon-ladesaule-300x198.png 300w\" sizes=\"(max-width: 500px) 100vw, 500px\" \/>\t\t\t\t\t\t\t\t\t\t\t\t\t\t\t<\/div>\n\t\t\t\t<\/div>\n\t\t\t\t<div class=\"elementor-element elementor-element-811012a elementor-widget elementor-widget-heading\" data-id=\"811012a\" data-element_type=\"widget\" data-e-type=\"widget\" data-widget_type=\"heading.default\">\n\t\t\t\t<div class=\"elementor-widget-container\">\n\t\t\t\t\t<h2 class=\"elementor-heading-title elementor-size-default\">Energy &amp; digitization<\/h2>\t\t\t\t<\/div>\n\t\t\t\t<\/div>\n\t\t\t\t<\/div>\n\t\t<div class=\"elementor-element elementor-element-1e95fa5 e-con-full e-flex e-con e-child\" data-id=\"1e95fa5\" data-element_type=\"container\" data-e-type=\"container\">\n\t\t\t\t<div class=\"elementor-element elementor-element-209a9a7 elementor-widget elementor-widget-image\" data-id=\"209a9a7\" data-element_type=\"widget\" data-e-type=\"widget\" data-widget_type=\"image.default\">\n\t\t\t\t<div class=\"elementor-widget-container\">\n\t\t\t\t\t\t\t\t\t\t\t\t\t\t\t<img decoding=\"async\" width=\"500\" height=\"330\" src=\"https:\/\/www.hotel-birkenhof-am-park.de\/wp-content\/uploads\/2025\/05\/birkenhof-teambuilding-icon.png\" class=\"attachment-large size-large wp-image-4651\" alt=\"\" srcset=\"https:\/\/www.hotel-birkenhof-am-park.de\/wp-content\/uploads\/2025\/05\/birkenhof-teambuilding-icon.png 500w, https:\/\/www.hotel-birkenhof-am-park.de\/wp-content\/uploads\/2025\/05\/birkenhof-teambuilding-icon-300x198.png 300w\" sizes=\"(max-width: 500px) 100vw, 500px\" \/>\t\t\t\t\t\t\t\t\t\t\t\t\t\t\t<\/div>\n\t\t\t\t<\/div>\n\t\t\t\t<div class=\"elementor-element elementor-element-90e656d elementor-widget elementor-widget-heading\" data-id=\"90e656d\" data-element_type=\"widget\" data-e-type=\"widget\" data-widget_type=\"heading.default\">\n\t\t\t\t<div class=\"elementor-widget-container\">\n\t\t\t\t\t<h2 class=\"elementor-heading-title elementor-size-default\">Team &amp; cohesion<\/h2>\t\t\t\t<\/div>\n\t\t\t\t<\/div>\n\t\t\t\t<\/div>\n\t\t<div class=\"elementor-element elementor-element-2e94918 e-con-full e-flex e-con e-child\" data-id=\"2e94918\" data-element_type=\"container\" data-e-type=\"container\">\n\t\t\t\t<div class=\"elementor-element elementor-element-18a58d7 elementor-widget elementor-widget-image\" data-id=\"18a58d7\" data-element_type=\"widget\" data-e-type=\"widget\" data-widget_type=\"image.default\">\n\t\t\t\t<div class=\"elementor-widget-container\">\n\t\t\t\t\t\t\t\t\t\t\t\t\t\t\t<img loading=\"lazy\" decoding=\"async\" width=\"500\" height=\"330\" src=\"https:\/\/www.hotel-birkenhof-am-park.de\/wp-content\/uploads\/2025\/10\/birkenhof-teambuilding.png\" class=\"attachment-large size-large wp-image-4652\" alt=\"\" srcset=\"https:\/\/www.hotel-birkenhof-am-park.de\/wp-content\/uploads\/2025\/10\/birkenhof-teambuilding.png 500w, https:\/\/www.hotel-birkenhof-am-park.de\/wp-content\/uploads\/2025\/10\/birkenhof-teambuilding-300x198.png 300w\" sizes=\"(max-width: 500px) 100vw, 500px\" \/>\t\t\t\t\t\t\t\t\t\t\t\t\t\t\t<\/div>\n\t\t\t\t<\/div>\n\t\t\t\t<div class=\"elementor-element elementor-element-9f3c52a elementor-widget elementor-widget-heading\" data-id=\"9f3c52a\" data-element_type=\"widget\" data-e-type=\"widget\" data-widget_type=\"heading.default\">\n\t\t\t\t<div class=\"elementor-widget-container\">\n\t\t\t\t\t<h2 class=\"elementor-heading-title elementor-size-default\">Suppliers &amp; Partnerships<\/h2>\t\t\t\t<\/div>\n\t\t\t\t<\/div>\n\t\t\t\t<\/div>\n\t\t\t\t<\/div>\n\t\t\t\t<\/div>\n\t\t\t\t\t<\/div>\n\t\t\t\t<\/div>\n\t\t<div class=\"elementor-element elementor-element-4a2d13e e-flex e-con-boxed e-con e-parent\" data-id=\"4a2d13e\" data-element_type=\"container\" data-e-type=\"container\">\n\t\t\t\t\t<div class=\"e-con-inner\">\n\t\t<div class=\"elementor-element elementor-element-3b193d1 e-con-full e-flex e-con e-child\" data-id=\"3b193d1\" data-element_type=\"container\" data-e-type=\"container\" data-settings=\"{&quot;background_background&quot;:&quot;classic&quot;}\">\n\t\t\t\t<\/div>\n\t\t<div class=\"elementor-element elementor-element-aa1a75b e-con-full e-flex e-con e-child\" data-id=\"aa1a75b\" data-element_type=\"container\" data-e-type=\"container\">\n\t\t\t\t<div class=\"elementor-element elementor-element-1bbefae elementor-widget elementor-widget-heading\" data-id=\"1bbefae\" data-element_type=\"widget\" data-e-type=\"widget\" data-widget_type=\"heading.default\">\n\t\t\t\t<div class=\"elementor-widget-container\">\n\t\t\t\t\t<h2 class=\"elementor-heading-title elementor-size-default\">Restaurant Birkenhof - Regionality and sustainability in everyday life<\/h2>\t\t\t\t<\/div>\n\t\t\t\t<\/div>\n\t\t\t\t<div class=\"elementor-element elementor-element-227e561 elementor-widget elementor-widget-heading\" data-id=\"227e561\" data-element_type=\"widget\" data-e-type=\"widget\" data-widget_type=\"heading.default\">\n\t\t\t\t<div class=\"elementor-widget-container\">\n\t\t\t\t\t<h3 class=\"elementor-heading-title elementor-size-default\">Suppliers &amp; Partnerships<\/h3>\t\t\t\t<\/div>\n\t\t\t\t<\/div>\n\t\t\t\t<div class=\"elementor-element elementor-element-2c0323a elementor-widget elementor-widget-text-editor\" data-id=\"2c0323a\" data-element_type=\"widget\" data-e-type=\"widget\" data-widget_type=\"text-editor.default\">\n\t\t\t\t<div class=\"elementor-widget-container\">\n\t\t\t\t\t\t\t\t\t<p data-start=\"420\" data-end=\"818\">In our kitchen, the focus is on the real thing. Many products come from farms that we have known personally for years. Our poultry comes from Gefl\u00fcgel Petersen, the cheese from Klosterh\u00f6fe and Hungener K\u00e4sescheune, game from the immediate vicinity. We harvest elderberries, plums, apples and quinces from our orchards to make jams, syrups, cakes and liqueurs.   <\/p><p data-start=\"820\" data-end=\"1053\">From bread, pasta, spaetzle and sauces to ice cream and desserts, we make almost everything ourselves. We process whole animals and cook the way we have learned: with respect for the product, seasonally and without unnecessary additives. <\/p><p data-start=\"1055\" data-end=\"1217\">Our cuisine combines traditional craftsmanship with a clear commitment to the region. The result is not a concept, but an honest everyday life that you can taste. <\/p>\t\t\t\t\t\t\t\t<\/div>\n\t\t\t\t<\/div>\n\t\t\t\t<\/div>\n\t\t\t\t\t<\/div>\n\t\t\t\t<\/div>\n\t\t<div class=\"elementor-element elementor-element-79a1558 e-flex e-con-boxed e-con e-parent\" data-id=\"79a1558\" data-element_type=\"container\" data-e-type=\"container\">\n\t\t\t\t\t<div class=\"e-con-inner\">\n\t\t<div class=\"elementor-element elementor-element-f923050 e-con-full e-flex e-con e-child\" data-id=\"f923050\" data-element_type=\"container\" data-e-type=\"container\">\n\t\t\t\t<div class=\"elementor-element elementor-element-962fec2 elementor-widget elementor-widget-heading\" data-id=\"962fec2\" data-element_type=\"widget\" data-e-type=\"widget\" data-widget_type=\"heading.default\">\n\t\t\t\t<div class=\"elementor-widget-container\">\n\t\t\t\t\t<h2 class=\"elementor-heading-title elementor-size-default\">Conserving resources - living responsibility in everyday life\n<\/h2>\t\t\t\t<\/div>\n\t\t\t\t<\/div>\n\t\t\t\t<div class=\"elementor-element elementor-element-556aa25 elementor-widget elementor-widget-heading\" data-id=\"556aa25\" data-element_type=\"widget\" data-e-type=\"widget\" data-widget_type=\"heading.default\">\n\t\t\t\t<div class=\"elementor-widget-container\">\n\t\t\t\t\t<h2 class=\"elementor-heading-title elementor-size-default\">Energy &amp; digitalization<\/h2>\t\t\t\t<\/div>\n\t\t\t\t<\/div>\n\t\t\t\t<div class=\"elementor-element elementor-element-4f5481e elementor-widget elementor-widget-text-editor\" data-id=\"4f5481e\" data-element_type=\"widget\" data-e-type=\"widget\" data-widget_type=\"text-editor.default\">\n\t\t\t\t<div class=\"elementor-widget-container\">\n\t\t\t\t\t\t\t\t\t<p data-start=\"420\" data-end=\"818\">We take care to use energy and materials responsibly. Photovoltaic systems on the roof of our apartment building no. 12 generate part of our electricity. E-charging stations for cars and a bicycle garage with charging facilities for e-bikes are available for our guests &#8211; practical, uncomplicated and future-oriented.  <\/p><p data-start=\"678\" data-end=\"996\">We also rely on well thought-out solutions in our daily processes: Digital processes help to save paper, simplify work processes and conserve resources. Many of these decisions are made as a matter of course &#8211; out of the desire to run our business in such a way that it works today and tomorrow. <\/p><p data-start=\"998\" data-end=\"1063\">For us, sustainability is not a concept, but an everyday reality.<\/p>\t\t\t\t\t\t\t\t<\/div>\n\t\t\t\t<\/div>\n\t\t\t\t<\/div>\n\t\t<div class=\"elementor-element elementor-element-4d05211 e-con-full e-flex e-con e-child\" data-id=\"4d05211\" data-element_type=\"container\" data-e-type=\"container\" data-settings=\"{&quot;background_background&quot;:&quot;classic&quot;}\">\n\t\t\t\t<\/div>\n\t\t\t\t\t<\/div>\n\t\t\t\t<\/div>\n\t\t<div class=\"elementor-element elementor-element-4531904 e-flex e-con-boxed e-con e-parent\" data-id=\"4531904\" data-element_type=\"container\" data-e-type=\"container\">\n\t\t\t\t\t<div class=\"e-con-inner\">\n\t\t<div class=\"elementor-element elementor-element-164d041 e-con-full e-flex e-con e-child\" data-id=\"164d041\" data-element_type=\"container\" data-e-type=\"container\" data-settings=\"{&quot;background_background&quot;:&quot;classic&quot;}\">\n\t\t\t\t<\/div>\n\t\t<div class=\"elementor-element elementor-element-4adff24 e-con-full e-flex e-con e-child\" data-id=\"4adff24\" data-element_type=\"container\" data-e-type=\"container\">\n\t\t\t\t<div class=\"elementor-element elementor-element-b0559a1 elementor-widget elementor-widget-heading\" data-id=\"b0559a1\" data-element_type=\"widget\" data-e-type=\"widget\" data-widget_type=\"heading.default\">\n\t\t\t\t<div class=\"elementor-widget-container\">\n\t\t\t\t\t<h2 class=\"elementor-heading-title elementor-size-default\">Restaurant Birkenhof - Regionality and sustainability in everyday life<\/h2>\t\t\t\t<\/div>\n\t\t\t\t<\/div>\n\t\t\t\t<div class=\"elementor-element elementor-element-94d2aad elementor-widget elementor-widget-heading\" data-id=\"94d2aad\" data-element_type=\"widget\" data-e-type=\"widget\" data-widget_type=\"heading.default\">\n\t\t\t\t<div class=\"elementor-widget-container\">\n\t\t\t\t\t<h3 class=\"elementor-heading-title elementor-size-default\">Suppliers &amp; Partnerships<\/h3>\t\t\t\t<\/div>\n\t\t\t\t<\/div>\n\t\t\t\t<div class=\"elementor-element elementor-element-f9075db elementor-widget elementor-widget-text-editor\" data-id=\"f9075db\" data-element_type=\"widget\" data-e-type=\"widget\" data-widget_type=\"text-editor.default\">\n\t\t\t\t<div class=\"elementor-widget-container\">\n\t\t\t\t\t\t\t\t\t<p data-start=\"420\" data-end=\"818\">In our kitchen, the focus is on the real thing. Many products come from farms that we have known personally for years. Our poultry comes from Gefl\u00fcgel Petersen, the cheese from Klosterh\u00f6fe and Hungener K\u00e4sescheune, game from the immediate vicinity. We harvest elderberries, plums, apples and quinces from our orchards to make jams, syrups, cakes and liqueurs.   <\/p><p data-start=\"820\" data-end=\"1053\">From bread, pasta, spaetzle and sauces to ice cream and desserts, we make almost everything ourselves. We process whole animals and cook the way we have learned: with respect for the product, seasonally and without unnecessary additives. <\/p><p data-start=\"1055\" data-end=\"1217\">Our cuisine combines traditional craftsmanship with a clear commitment to the region. The result is not a concept, but an honest everyday life that you can taste. <\/p>\t\t\t\t\t\t\t\t<\/div>\n\t\t\t\t<\/div>\n\t\t\t\t<\/div>\n\t\t\t\t\t<\/div>\n\t\t\t\t<\/div>\n\t\t<div class=\"elementor-element elementor-element-43b6fe2 e-flex e-con-boxed e-con e-parent\" data-id=\"43b6fe2\" data-element_type=\"container\" data-e-type=\"container\">\n\t\t\t\t\t<div class=\"e-con-inner\">\n\t\t<div class=\"elementor-element elementor-element-5c5f497 e-con-full e-flex e-con e-child\" data-id=\"5c5f497\" data-element_type=\"container\" data-e-type=\"container\">\n\t\t\t\t<div class=\"elementor-element elementor-element-b7b25cf elementor-widget elementor-widget-heading\" data-id=\"b7b25cf\" data-element_type=\"widget\" data-e-type=\"widget\" data-widget_type=\"heading.default\">\n\t\t\t\t<div class=\"elementor-widget-container\">\n\t\t\t\t\t<h2 class=\"elementor-heading-title elementor-size-default\">Working together - with heart, trust and respect<\/h2>\t\t\t\t<\/div>\n\t\t\t\t<\/div>\n\t\t\t\t<div class=\"elementor-element elementor-element-c648dd9 elementor-widget elementor-widget-heading\" data-id=\"c648dd9\" data-element_type=\"widget\" data-e-type=\"widget\" data-widget_type=\"heading.default\">\n\t\t\t\t<div class=\"elementor-widget-container\">\n\t\t\t\t\t<h2 class=\"elementor-heading-title elementor-size-default\">Team &amp; cohesion<\/h2>\t\t\t\t<\/div>\n\t\t\t\t<\/div>\n\t\t\t\t<div class=\"elementor-element elementor-element-03fa2b8 elementor-widget elementor-widget-text-editor\" data-id=\"03fa2b8\" data-element_type=\"widget\" data-e-type=\"widget\" data-widget_type=\"text-editor.default\">\n\t\t\t\t<div class=\"elementor-widget-container\">\n\t\t\t\t\t\t\t\t\t<p data-start=\"275\" data-end=\"555\">Birkenhof is a family business &#8211; and that&#8217;s how we see our team. People of different ages and nationalities work side by side here. Some have been part of the company for many years, others bring new ideas and a breath of fresh air as trainees.  <\/p><p data-start=\"557\" data-end=\"826\">It is important to us that everyone feels comfortable and can contribute their strengths. This includes fair pay, reliable duty rosters and consideration for personal wishes. We support each other, learn from each other and treat each other with respect.  <\/p><p data-start=\"828\" data-end=\"968\">This attitude characterizes everyday life &#8211; in the kitchen, in service, at reception and wherever people welcome guests together.<\/p>\t\t\t\t\t\t\t\t<\/div>\n\t\t\t\t<\/div>\n\t\t\t\t<\/div>\n\t\t<div class=\"elementor-element elementor-element-e053063 e-con-full e-flex e-con e-child\" data-id=\"e053063\" data-element_type=\"container\" data-e-type=\"container\" data-settings=\"{&quot;background_background&quot;:&quot;classic&quot;}\">\n\t\t\t\t<\/div>\n\t\t\t\t\t<\/div>\n\t\t\t\t<\/div>\n\t\t<div class=\"elementor-element elementor-element-2948a63 e-flex e-con-boxed e-con e-parent\" data-id=\"2948a63\" data-element_type=\"container\" data-e-type=\"container\">\n\t\t\t\t\t<div class=\"e-con-inner\">\n\t\t<div class=\"elementor-element elementor-element-d8143a5 e-con-full e-flex e-con e-child\" data-id=\"d8143a5\" data-element_type=\"container\" data-e-type=\"container\">\n\t\t<div class=\"elementor-element elementor-element-40de870 e-con-full e-flex e-con e-child\" data-id=\"40de870\" data-element_type=\"container\" data-e-type=\"container\">\n\t\t<div class=\"elementor-element elementor-element-8ef7ee5 animated-slow e-con-full e-flex e-con e-child\" data-id=\"8ef7ee5\" data-element_type=\"container\" data-e-type=\"container\" data-settings=\"{&quot;animation&quot;:&quot;none&quot;}\">\n\t\t<div class=\"elementor-element elementor-element-aa610bd e-con-full e-flex e-con e-child\" data-id=\"aa610bd\" data-element_type=\"container\" data-e-type=\"container\" data-settings=\"{&quot;background_background&quot;:&quot;classic&quot;}\">\n\t\t\t\t<\/div>\n\t\t<div class=\"elementor-element elementor-element-e90162a e-con-full e-flex e-con e-child\" data-id=\"e90162a\" data-element_type=\"container\" data-e-type=\"container\" data-settings=\"{&quot;background_background&quot;:&quot;classic&quot;}\">\n\t\t\t\t<\/div>\n\t\t<div class=\"elementor-element elementor-element-22cb367 e-con-full e-flex e-con e-child\" data-id=\"22cb367\" data-element_type=\"container\" data-e-type=\"container\" data-settings=\"{&quot;background_background&quot;:&quot;classic&quot;}\">\n\t\t\t\t<\/div>\n\t\t\t\t<\/div>\n\t\t<div class=\"elementor-element elementor-element-ecb6a5d animated-slow e-con-full e-flex e-con e-child\" data-id=\"ecb6a5d\" data-element_type=\"container\" data-e-type=\"container\" data-settings=\"{&quot;animation&quot;:&quot;none&quot;}\">\n\t\t<div class=\"elementor-element elementor-element-f5ba616 e-con-full e-flex e-con e-child\" data-id=\"f5ba616\" data-element_type=\"container\" data-e-type=\"container\" data-settings=\"{&quot;background_background&quot;:&quot;classic&quot;}\">\n\t\t\t\t<\/div>\n\t\t<div class=\"elementor-element elementor-element-fca38fd e-con-full e-flex e-con e-child\" data-id=\"fca38fd\" data-element_type=\"container\" data-e-type=\"container\" data-settings=\"{&quot;background_background&quot;:&quot;classic&quot;}\">\n\t\t\t\t<\/div>\n\t\t<div class=\"elementor-element elementor-element-c1779e4 e-con-full e-flex e-con e-child\" data-id=\"c1779e4\" data-element_type=\"container\" data-e-type=\"container\" data-settings=\"{&quot;background_background&quot;:&quot;classic&quot;}\">\n\t\t\t\t<\/div>\n\t\t\t\t<\/div>\n\t\t\t\t<\/div>\n\t\t\t\t<\/div>\n\t\t\t\t\t<\/div>\n\t\t\t\t<\/div>\n\t\t\t\t<\/div>\n\t\t","protected":false},"excerpt":{"rendered":"<p>Regionality, responsibility &amp; family &#8211; what the Birkenhof stands for Values that remain It is the many small decisions that make the Birkenhof what it is today: a place with character, history and heart. As a third-generation family business, we are firmly rooted in our region. What once grew out of a spa home has [&hellip;]<\/p>\n","protected":false},"author":1,"featured_media":0,"parent":4894,"menu_order":0,"comment_status":"closed","ping_status":"closed","template":"elementor_header_footer","meta":{"footnotes":""},"class_list":["post-4643","page","type-page","status-publish","hentry"],"_links":{"self":[{"href":"https:\/\/www.hotel-birkenhof-am-park.de\/en\/wp-json\/wp\/v2\/pages\/4643","targetHints":{"allow":["GET"]}}],"collection":[{"href":"https:\/\/www.hotel-birkenhof-am-park.de\/en\/wp-json\/wp\/v2\/pages"}],"about":[{"href":"https:\/\/www.hotel-birkenhof-am-park.de\/en\/wp-json\/wp\/v2\/types\/page"}],"author":[{"embeddable":true,"href":"https:\/\/www.hotel-birkenhof-am-park.de\/en\/wp-json\/wp\/v2\/users\/1"}],"replies":[{"embeddable":true,"href":"https:\/\/www.hotel-birkenhof-am-park.de\/en\/wp-json\/wp\/v2\/comments?post=4643"}],"version-history":[{"count":10,"href":"https:\/\/www.hotel-birkenhof-am-park.de\/en\/wp-json\/wp\/v2\/pages\/4643\/revisions"}],"predecessor-version":[{"id":5743,"href":"https:\/\/www.hotel-birkenhof-am-park.de\/en\/wp-json\/wp\/v2\/pages\/4643\/revisions\/5743"}],"up":[{"embeddable":true,"href":"https:\/\/www.hotel-birkenhof-am-park.de\/en\/wp-json\/wp\/v2\/pages\/4894"}],"wp:attachment":[{"href":"https:\/\/www.hotel-birkenhof-am-park.de\/en\/wp-json\/wp\/v2\/media?parent=4643"}],"curies":[{"name":"wp","href":"https:\/\/api.w.org\/{rel}","templated":true}]}}